{"id":7313,"date":"2015-01-18T16:58:18","date_gmt":"2015-01-18T16:58:18","guid":{"rendered":"http:\/\/www.narada-holding.com\/data\/?page_id=7313"},"modified":"2015-06-11T13:50:09","modified_gmt":"2015-06-11T13:50:09","slug":"sfera-drustvo-za-naucnu-fantastiku-zagreb-2008","status":"publish","type":"page","link":"http:\/\/www.veronika-santo.com\/?page_id=7313","title":{"rendered":"Sfera, Drustvo za nau\u010dnu fantastiku Zagreb, 2008"},"content":{"rendered":"<p><img decoding=\"async\" loading=\"lazy\" class=\" size-medium wp-image-7162 alignleft\" src=\"http:\/\/www.veronika-santo.com\/wp-content\/uploads\/big_853_2830-300x300.jpg\" alt=\"big_853_2830\" width=\"300\" height=\"300\" srcset=\"http:\/\/www.veronika-santo.com\/wp-content\/uploads\/big_853_2830-300x300.jpg 300w, http:\/\/www.veronika-santo.com\/wp-content\/uploads\/big_853_2830-150x150.jpg 150w, http:\/\/www.veronika-santo.com\/wp-content\/uploads\/big_853_2830-125x125.jpg 125w, http:\/\/www.veronika-santo.com\/wp-content\/uploads\/big_853_2830.jpg 640w\" sizes=\"(max-width: 300px) 100vw, 300px\" \/><\/p>\n<p style=\"text-align: justify;\">Dru\u0161tvo za znanstvenu fantastiku <a href=\"http:\/\/www.sfera.hr\/\" target=\"_blank\">SFera<\/a> iz Zagreba objavilo je knjigu novela Veronike Santo <em>Vrt pram\u010danih figura<\/em>. Posrijedi je knjiga za apsolutnu preporuku za sve ljubitelje SF-a, kao i za knji\u017eevne sladokusce: prva knjiga Veronike Santo, jedne od najistaknutijih postjugoslavenskih spisateljica znanstvene fantastike i \u00a0\u201cku\u0107ne autorice <em>Ubiqa<\/em>\u201d. Ka\u017eem \u201cpostjugoslavenskih\u201d, jer Veronika Santo zapa\u017eena je pri\u010dama u zagreba\u010dkom \u010dasopisu <em>Sirius<\/em> koncem 1980-ih, da bi, nakon ga\u0161enja<em>Siriusa<\/em>, najva\u017eniji dio svojega opusa objavila u srpskim SF publikacijama<em>Znak Sagite<\/em> i <em>Tamni vilajet<\/em> u sam osvit rata i u prvim ratnim godinama, pa je \u010dak naslovnom novelom ove zbirke bila i zastupljena u zborniku <em>Nova (alternativna) srpska fantastika<\/em> (1994).<\/p>\n<p style=\"text-align: justify;\">Pritom se Veroniki Santo izgubio svaki trag, barem naizgled. Kad smo Aleksandar \u017diljak i ja duboko za\u0161li u projekt antologije hrvatske znanstvenofantasti\u010dne novele (tiskana je pod naslovom <em>Ad Astra<\/em>, 2006), pa\u017enju na sebe skrenula nam je Vera Ivosi\u0107-Santo, i nije nam trebalo dugo da ustanovimo da je od ranih 1990-ih ona objavljivala pod imenom Vera Santo te, kona\u010dno, Veronika Santo. Po prezimenu smo pretpostavili da je Vojvo\u0111anka te da je, po logici, studirala u Beogradu i pripadala srpskom krugu SF pisaca okupljenima oko navedenih dviju publikacija. Uz posredovanje Mi\u0107e Milovanovi\u0107a do\u0161li smo do njezina mejla i saznali da je Santo Zadranka, te da je tijekom Domovinskog rata iz Zadra oti\u0161la za poslom u Rim, gdje se na koncu zaposlila u talijanskom parlamentu. Iznenadila se da bi netko smatrao da ona nije hrvatska autorica (\u0161to je tema koja se opet pote\u017ee i povodom objave ove knjige), kako je rekla \u017diljku u razgovoru tijekom prire\u0111ivanja autorizirane verzije njezine novele \u201cTragovi\u201d za <em>Ad Astru<\/em> (ta novela se i u ovoj knjizi donosi u popravljenoj, autoriziranoj verziji iz antologije). Tako\u0111er, \u010dini se kako nije znala da su neke od njezinih novela tiskane u Beogradu tijekom rata \u2013 <em>Tamni vilajet<\/em> kasnio je godinama, tako da su se usred ratnih godina u njima na\u0161le i predratne pri\u010de, primjerice, Darka Macana i Nevena Jovanovi\u0107a. U svakom slu\u010daju, Veronikin vrhunac \u2013 barem zasad \u2013 pao je u te \u201cnestale\u201d godine, i upravo sada ona do\u017eivljava nagli uspon, tiskom autoriziranih verzija tih novela, ali i novim radovima.<\/p>\n<p style=\"text-align: justify;\">Upravo se <em>Ad Astra<\/em> mo\u017ee smatrati zaslu\u017enom za revitalizaciju Veronike Santo. Nakon antologije, ona je nastavila sura\u0111ivati, i na\u0161 novoutemeljeni \u010dasopis <em>Ubiq<\/em> uskoro je za tisak zaprimio dvije novele. \u201cEkstaza \u2013 Otomansko carstvo, 13. stolje\u0107e\u201d tiskana je u prvome broju, a \u201cMi i oni iza mojih le\u0111a\u201d u drugom. Uskoro smo dobili i tre\u0107u, \u201cU lov, u lov!\u201d, koja u ovoj zbirci do\u017eivljava svoju premijeru, kao i \u010detvrtu, koja je planirana, ako sve bude po planu, za tre\u0107i broj <em>Ubiqa<\/em> (studeni 2008). \u017diljkovim posredovanjem Santo je ponovno nastupila na sceni i prije <em>Ubiqa<\/em>, objaviv\u0161i u SFerinu fanzinu <em>Parsek<\/em> urednika Borisa \u0160vela novele \u201cOtok u obliku leptira\u201d (broj 89, studeni 2006) i \u201cDuboke vode\u201d (broj 91, o\u017eujak 2007), kao i dvije kratke pri\u010de (\u201dNaseljavanje pakla\u201d, \u201cSrce zvijeri\u201d), pritom pokazav\u0161i da granice fantasti\u010dnoga \u017eanra shva\u0107a sve propusnije, \u0161to je pokazala jo\u0161 u naslovnoj, \u201cborhesovskoj\u201d noveli ove knjige \u2013 noveli dosad na\u0161oj javnosti nepoznatoj \u2013 kojom se upisuje ne samo u tradiciju fantasti\u010dke i izvan\u017eanrovske knji\u017eevnosti (\u017eanr tu shva\u0107amo u uskom, komercijalnom smislu SF-a), nego i, primjerice, hrvatskih borhesovaca.<\/p>\n<p style=\"text-align: justify;\">Knjiga borhesovskog naslova <em>Vrt pram\u010danih figura<\/em> stoga je ne samo presjek stvarala\u0161tva na\u0161e, doma\u0107e spisateljice znanstvene fantastike, nego i knjiga dobre proze za sve koje zanima suvremeno (postmoderno i post-postmoderno) pisanje, \u201c\u017eensko pismo\u201d koje je na neki na\u010din post-\u017eanrovsko i u kojem se, u tradiciji kako klasi\u010dne i novovalne znanstvene fantastike, tako i hrvatske borhesovske fikcije i magijskog realizma, Poea, Borgesa i Garcije Marqueza, ispreple\u0107u fantasti\u010dko, oniri\u010dko, podsvjesno, feminino, simboli\u010dko, magijsko, mitsko\u2026\u00a0(Tomislav \u0160aki\u0107, 5\/2008)<\/p>\n<p><\/p>\n<blockquote>\n<p style=\"text-align: justify;\"><strong><em>S korica knjige:<\/em><\/strong><\/p>\n<p style=\"text-align: justify;\">U suton jedne dr\u017eave, mlada se \u017eena, tra\u017ee\u0107i sebe, uple\u0107e u nerazmrsivo klupko vidovnja\u010dkih mo\u0107i \u2026 Putnik kroz vrijeme osigurat \u0107e besmrtnost legendarnom razbojniku i dokopati se njegova blaga \u2026 U dalekoj budu\u0107nosti, posebne se \u010dete bore protiv davno izumrlih \u010dudovi\u0161ta \u0161to ih na svjetlo dana vra\u0107a prastara Zemlja \u2026 Neobi\u010dni vrt skriva kartu, koja \u0107e okorjeloga gusara odvesti do spasenja, a njegova roba do daleke mu domovine \u2026 Dvije su sestre uvu\u010dene u bespo\u0161tedni rat izme\u0111u ribara i zagonetnih morskih stvorenja \u2026 Koji \u0107e stanovnik li\u010dke \u0161ume ustupiti tijelo bezobli\u010dnom putniku \u0161to je stigao iz hladnih svemirskih dubina?<\/p>\n<p style=\"text-align: justify;\">Veronika Santo jedna je od najcjenjenijih hrvatskih spisateljica znanstvene fantastike. Njene pri\u010de, antologizirane i nagra\u0111ivane (nagrada SFERA 1991. godine), uvijek iznova odu\u0161evljavaju bogatstvom ideja, sna\u017enim likovima i vje\u0161tinom kojom su ispripovijedane. U ovoj zbirci sabrano je ono najbolje iz spisateljskog opusa Veronike Santo: jedanaest uzleta ma\u0161te \u0161to vas skrivenim putevima vode u Vrt pram\u010danih figura.<\/p>\n<\/blockquote>\n<p>\n<strong><em>Sadr\u017eaj knjige:<\/em><\/strong><\/p>\n<ul>\n<li>Duboke vode<\/li>\n<li>Posljednje putovanje be\u0107ara Janike<\/li>\n<li>U no\u0107<\/li>\n<li>Da\u017edevnjaci<\/li>\n<li>Ekstaza: Otomansko carstvo, 13. stolje\u0107e (verzija iz <em>Ubiqa<\/em> 1)<\/li>\n<li>Evici, s ljubavlju (Nagrada SFERA, 1991)<\/li>\n<li>Tragovi (autorizirana, dora\u0111ena verzija iz <em>Ad Astre<\/em>)<\/li>\n<li>Vrt pram\u010danih figura (autorizirana verzija)<\/li>\n<li>Otok u obliku leptira<\/li>\n<li>\u010cemu slu\u017ee grani\u010dari? (nova verzija)<\/li>\n<li>U lov, u lov!<\/li>\n<li>Veronika Santo \u2013 stvarala\u010dka biografija<\/li>\n<li>Bibliografija<\/li>\n<\/ul>\n<p>Urednik knjige je Aleksandar \u017diljak, slika na naslovnici je iz fraktalne galerije Svena Geiera, a rije\u010d je o prvom samostalnom izdanju dru\u0161tva <a href=\"http:\/\/sfera.hr\/citaonica\/biblioteka-sfera\/\" target=\"_blank\">SFera<\/a>.<\/p>\n<p><strong><em>Online-\u010ditaonica Veronike Santo:<\/em><\/strong><\/p>\n<p>\u201c<a href=\"http:\/\/www.rastko.org.yu\/knjizevnost\/fantastika\/tv2\/vsanto-tragovi.html\" target=\"_blank\">Tragovi<\/a>\u201d, verzija iz\u00a0<em>Tamnog vilajeta<\/em>\u00a0(1992), na Projektu Rastko<br \/>\n\u201c<a href=\"http:\/\/sfera.hr\/parsek\/br89\/santo89.php\" target=\"_blank\">Otok u obliku leptira<\/a>\u201d,\u00a0<em>Parsek<\/em>, 2006, 89.<br \/>\n\u201c<a href=\"http:\/\/sfera.hr\/parsek\/br91\/santo91.php\" target=\"_blank\">Duboke vode<\/a>\u201d,\u00a0<em>Parsek<\/em>, 2007, 91.<br \/>\n\u201c<a href=\"http:\/\/sfera.hr\/parsek\/br93\/santo93.php\" target=\"_blank\">Naseljavanje pakla<\/a>\u201d,\u00a0<em>Parsek<\/em>, 2007, 93.<br \/>\n\u201c<a href=\"http:\/\/www.sfera.hr\/parsek\/br95\/santo95.php\" target=\"_blank\">Srce zvijeri<\/a>\u201d,\u00a0<em>Parsek<\/em>, 2007, 95.<\/p>\n","protected":false},"excerpt":{"rendered":"<p>Dru\u0161tvo za znanstvenu fantastiku SFera iz Zagreba objavilo je knjigu novela Veronike Santo Vrt pram\u010danih figura. Posrijedi je knjiga za apsolutnu preporuku za sve ljubitelje SF-a, kao i za knji\u017eevne sladokusce: prva knjiga Veronike Santo, jedne od najistaknutijih postjugoslavenskih spisateljica znanstvene fantastike i \u00a0\u201cku\u0107ne autorice Ubiqa\u201d. Ka\u017eem \u201cpostjugoslavenskih\u201d, jer Veronika Santo zapa\u017eena je pri\u010dama u [&hellip;]<\/p>\n","protected":false},"author":1,"featured_media":0,"parent":0,"menu_order":0,"comment_status":"open","ping_status":"open","template":"page-full-width.php","meta":[],"_links":{"self":[{"href":"http:\/\/www.veronika-santo.com\/index.php?rest_route=\/wp\/v2\/pages\/7313"}],"collection":[{"href":"http:\/\/www.veronika-santo.com\/index.php?rest_route=\/wp\/v2\/pages"}],"about":[{"href":"http:\/\/www.veronika-santo.com\/index.php?rest_route=\/wp\/v2\/types\/page"}],"author":[{"embeddable":true,"href":"http:\/\/www.veronika-santo.com\/index.php?rest_route=\/wp\/v2\/users\/1"}],"replies":[{"embeddable":true,"href":"http:\/\/www.veronika-santo.com\/index.php?rest_route=%2Fwp%2Fv2%2Fcomments&post=7313"}],"version-history":[{"count":10,"href":"http:\/\/www.veronika-santo.com\/index.php?rest_route=\/wp\/v2\/pages\/7313\/revisions"}],"predecessor-version":[{"id":7467,"href":"http:\/\/www.veronika-santo.com\/index.php?rest_route=\/wp\/v2\/pages\/7313\/revisions\/7467"}],"wp:attachment":[{"href":"http:\/\/www.veronika-santo.com\/index.php?rest_route=%2Fwp%2Fv2%2Fmedia&parent=7313"}],"curies":[{"name":"wp","href":"https:\/\/api.w.org\/{rel}","templated":true}]}}