{"id":7316,"date":"2015-01-18T16:59:39","date_gmt":"2015-01-18T16:59:39","guid":{"rendered":"http:\/\/www.narada-holding.com\/data\/?page_id=7316"},"modified":"2015-06-11T13:45:24","modified_gmt":"2015-06-11T13:45:24","slug":"glas-istre-1-kolovoza-2008","status":"publish","type":"page","link":"http:\/\/www.veronika-santo.com\/?page_id=7316","title":{"rendered":"Glas Istre, 1. kolovoza 2008."},"content":{"rendered":"<div style=\"text-align: justify;\"><span class=\"Apple-style-span\"><img decoding=\"async\" class=\" alignleft\" src=\"http:\/\/i256.photobucket.com\/albums\/hh163\/Allan-Poe\/vrtpramcanihfigura.jpg\" alt=\"\" \/>Veronika Santo pi\u0161e znanstvenu fantastiku jo\u0161 od vremena <b>Siriusa<\/b>, za svoje pri\u010de je i nagra\u0111ivana, uvr\u0161tavana je i u antologije, no nakon vi\u0161egodi\u0161nje pauze spisateljski se ponovno probudila prije godinu-dvije. Odluka zagreba\u010dke udruge za znanstvenu fantastiku<b>SFera <\/b>da jednoj od najoriginalnijih doma\u0107ih \u017eanrovskih spisateljica napokon objavi knjigu, hvale je vrijedan potez, a zbirka <b>Vrt pram\u010danih figura<\/b> daje presjek najboljih i starijih i novijih ostvarenja Veronike Santo, koja su nastajala kroz punih \u010detvrt stolje\u0107a.<\/span><\/div>\n<div style=\"text-align: justify;\"><\/div>\n<p><\/p>\n<div style=\"text-align: justify;\">Pri\u010de Veronike Santo prete\u017eno su storije o \u017eenskoj mo\u0107i ili nemo\u0107i, o \u017eenskoj snazi ili patnji, krhkosti i neslomljivosti, o snala\u017eenju glavnih junakinja u vi\u0161e ili manje neprijaznome svijetu bliske budu\u0107nosti ili malo pomaknute sada\u0161njosti. \u017dene su ovim pri\u010dama naj\u010de\u0161\u0107i subjekti radnje, ali su ponekad i objekti, nesvjesni vi\u0161edimenzionalnog pletiva koje oko njih grade formalni junaci pri\u010da; nedvojbenim me\u0111utim ostaje da se zbog njih, \u017eena, sve u pri\u010di zbiva. U pri\u010dama lokalnijeg kolorita po va\u017enosti utjecaja na bit pri\u010de ponekad se nadme\u0107e i vi\u0161e generacija \u017eenskih likova.<\/div>\n<p><\/p>\n<div style=\"text-align: justify;\"><\/div>\n<div style=\"text-align: justify;\">Ve\u0107 u prvoj pri\u010di, <b>Duboke vode<\/b>, sudbina nekoliko blisko povezanih \u017eena prelama se u mre\u017ei burnih balkanskih doga\u0111anja novijega doba, koja koincidiraju s njihovim osobnim tragedijama ili \u017eivotnim lutanjima. Junakinje osobne probleme poku\u0161avaju rije\u0161iti odlascima vidovnjacima i iscjeliteljima, a iz te se atmosfere magijskog i nadnaravnog ra\u0111aju turobne asocijacije na doga\u0111anja u okolnom svijetu.<b>Posljednje putovanje<\/b> <b>be\u0107ara Janike<\/b> starija je autori\u010dina pri\u010da u kojoj se klasi\u010dni fantasti\u010dni motivi utjelovljenja ne\u010dastivog u nekom prolaznom zemaljskom bi\u0107u isprepli\u0107u s klasi\u010dnim znanstvenofantasti\u010dnim motivima putovanja kroz vrijeme. Svemirski putnici \u0161to ostaju zarobljeni na \u017eivom planetu, na koji su bili prisiljeni sletjeti, akteri su pri\u010de<b> U no\u0107<\/b>. Pri\u010da <b>Da\u017edevnjaci <\/b>pak govori o sno\u0161ljivosti spram druk\u010dijeg, kroz parabolu o nenormalnosti koja je dru\u0161tveno nepo\u017eeljna dok je u manjini, ali kad zahvati ve\u0107inu \u010dovje\u010danstva, postaje novi standard. Atmosferu harema na sultanovu dvoru izvrsno predo\u010duje pri\u010da <b>Ekstaza: Otomansko carstvo, 13. stolje\u0107e<\/b>, u kojoj se kao uljez pojavljuje prostor-vremenski putnik, slikar-najamnik, koji naru\u010diteljima iz budu\u0107nosti za novac prenosi naslikane prizore iz davne pro\u0161losti, ali u toj pro\u0161losti djelomice i zaglavi. Pri\u010da <b>Evici, s ljubavlju<\/b> za junakinju ima \u017ertvu-osvetnicu u distopijskom svijetu manipulativne tehnologije i mutanata.<\/div>\n<p><\/p>\n<div style=\"text-align: justify;\"><\/div>\n<div style=\"text-align: justify;\">Pri\u010da <b>Tragovi <\/b>jedna je od najzanimljivijih u zbirci: postavljena je u ozra\u010dje daleke budu\u0107nosti i vladavine militantnog re\u017eima \u010dije specijalne vojne jedinice love i eliminiraju bi\u0107a koja su, zapravo, o\u017eivljena stvorenja raznih vrsta stradala u davno doba u prirodnim kataklizmama. Osim vrlo originalnog SF motiva, ova pri\u010da sadr\u017ei i izvanredno postavljenu moralnu dvojbu glavne junakinje o pravu na \u017eivot, \u010dak i takvih stvorova koja bude\u0107i se iz daleke pro\u0161losti u aktualnom vremenu imaju status monstruma. Naslovna pri\u010da, <b>Vrt pram\u010danih figura<\/b>, pomalo borgesovski pripovijeda o pomorcu koji se iskupljuje za davni grijeh grade\u0107i kriptografsku mapu za spas svoje du\u0161e. <b>Otok u obliku leptira<\/b> vrlo je atmosferi\u010dna pri\u010da u kojoj glavne junakinje na nekom jadranskom otoku osobnu dramu pro\u017eivljavaju u svjetlu drevne lokalne legende o ribama-ratnicima. O prikrivenim demonima ili prethodnicama osvaja\u010da iz drugih svjetova govori pri\u010da <b>\u010cemu slu\u017ee grani\u010dari<\/b>, dok zavr\u0161na pri\u010da, <b>U lov, u lov!<\/b> za glavnog junaka ima vanzemaljca koji se zabavlja zaposjedaju\u0107i razne oblike zemaljskog \u017eivog svijeta.<\/div>\n<p><\/p>\n<div style=\"text-align: justify;\"><\/div>\n<div style=\"text-align: justify;\">Osim \u0161to su mnoge pri\u010de Veronike Santo u ovoj zbirci \u017eenski osvije\u0161tene, mnoge od njih nas, neovisno od te rodne polaznice, ho\u0107e i zavesti usmjeravanjem \u010ditateljske pa\u017enje na stanovite okolnosti koje se, u \u017eanru, \u010dine poznatima, da bi izokretanjem perspektive dobile sasvim drugi predznak. Nijedna od ovih pri\u010da nije jednozna\u010dna; nijedna nije ra\u0111ena po formuli junak-problem-rje\u0161enje; putovi su njihovi razgranati, i zabavno ih je slijediti.<\/div>\n<p><\/p>\n<p style=\"text-align: justify;\">\n","protected":false},"excerpt":{"rendered":"<p>Veronika Santo pi\u0161e znanstvenu fantastiku jo\u0161 od vremena Siriusa, za svoje pri\u010de je i nagra\u0111ivana, uvr\u0161tavana je i u antologije, no nakon vi\u0161egodi\u0161nje pauze spisateljski se ponovno probudila prije godinu-dvije. Odluka zagreba\u010dke udruge za znanstvenu fantastikuSFera da jednoj od najoriginalnijih doma\u0107ih \u017eanrovskih spisateljica napokon objavi knjigu, hvale je vrijedan potez, a zbirka Vrt pram\u010danih figura [&hellip;]<\/p>\n","protected":false},"author":1,"featured_media":0,"parent":0,"menu_order":0,"comment_status":"open","ping_status":"open","template":"page-full-width.php","meta":[],"_links":{"self":[{"href":"http:\/\/www.veronika-santo.com\/index.php?rest_route=\/wp\/v2\/pages\/7316"}],"collection":[{"href":"http:\/\/www.veronika-santo.com\/index.php?rest_route=\/wp\/v2\/pages"}],"about":[{"href":"http:\/\/www.veronika-santo.com\/index.php?rest_route=\/wp\/v2\/types\/page"}],"author":[{"embeddable":true,"href":"http:\/\/www.veronika-santo.com\/index.php?rest_route=\/wp\/v2\/users\/1"}],"replies":[{"embeddable":true,"href":"http:\/\/www.veronika-santo.com\/index.php?rest_route=%2Fwp%2Fv2%2Fcomments&post=7316"}],"version-history":[{"count":5,"href":"http:\/\/www.veronika-santo.com\/index.php?rest_route=\/wp\/v2\/pages\/7316\/revisions"}],"predecessor-version":[{"id":7458,"href":"http:\/\/www.veronika-santo.com\/index.php?rest_route=\/wp\/v2\/pages\/7316\/revisions\/7458"}],"wp:attachment":[{"href":"http:\/\/www.veronika-santo.com\/index.php?rest_route=%2Fwp%2Fv2%2Fmedia&parent=7316"}],"curies":[{"name":"wp","href":"https:\/\/api.w.org\/{rel}","templated":true}]}}