{"id":7331,"date":"2015-01-18T17:12:57","date_gmt":"2015-01-18T17:12:57","guid":{"rendered":"http:\/\/www.narada-holding.com\/data\/?page_id=7331"},"modified":"2015-06-11T13:48:15","modified_gmt":"2015-06-11T13:48:15","slug":"moderna-vremena-info-2014","status":"publish","type":"page","link":"http:\/\/www.veronika-santo.com\/?page_id=7331","title":{"rendered":"Moderna vremena info 2014"},"content":{"rendered":"<p style=\"text-align: justify;\">Nakon objavljivanja svoje prve knjige Vrt pram\u010danih figura, Veronika Santo nastavila je s pisanjem, istovremeno se vra\u0107aju\u0107i i ranijim, \u010di\u0161\u0107im \u017eanrovskim oblicima znanstvene fantastike, ali i dalje \u0161ire\u0107i fantasti\u010dki, literarni stil u drugom smjeru svojega pisanja.<\/p>\n<p style=\"text-align: justify;\">Posljednjih godina Veronika Santo objavljuje pripovijetke i na talijanskom jeziku, sura\u0111uju\u0107i s izdava\u010dkom ku\u0107om Della Vigna iz Milana koja joj je objavila jednu samostalnu antologiju Il giardino delle polene, pripovijetku L&#8217;orologio veneziano u antologiji L&#8217;orizzonte di Rieman (pripovijetke s temom matemati\u010dkog SF-a) te pri\u010du Natale, 1994. u antologiji Fantasmi di natale&#8230; e per tutto l&#8217;inverno. Santo je svoje novele nastavila objavljivati u svim va\u017enijim publikacijama u Hrvatskoj, prije svega u Ubiqu, kao i u nekim natje\u010dajnim zbirkama u Hrvatskoj i Srbiji.<\/p>\n<p style=\"text-align: justify;\">Izlazak njezine druge knjige novela Bijeli vlak na nebu moga grada koja \u010ditateljstvu predstavlja te pri\u010de okupljene na jednome mjestu kao i nove novele, sretna je vijest za hrvatsku knji\u017eevnost, a ne samo za polje fantastike, stoga \u0161to Santo predstavlja rijedak primjer suvremenoga, visoko literarnoga pisanja koje se cijepi na ponajbolje stranice doma\u0107ih fantasti\u010dara i suvremenu postmodernu prozu borhesovskog predznaka. Hibridni oblik fikcije koji je odavna pre\u0161ao granice uskih \u017eanrova, a slabo je \u2013 ako uop\u0107e \u2013 poznat u suvremenoj hrvatskoj knji\u017eevnosti (svjetski su predstavnici China Mi\u00e9ville, Zoran \u017divkovi\u0107, Lavie Tidhar i sli\u010dni svjetski cijenjeni suvremeni pisci &#8220;post\u017eanrovske fantastike&#8221;), a predstavlja i izvanredan uvid u razvoj projekta doma\u0107ega tzv. \u017eenskog pisma 1980-ih, u kojemu je Santo bila javnosti slabo poznatoga, fantasti\u010dkog segmenta.<\/p>\n<p style=\"text-align: justify;\">Pripovijetke koje nalazimo u zbirci Bijeli vlak na nebu moga grada nastavljaju trend hibridne fikcije, interpretacije stvarnosti iz neo\u010dekivanih perspektiva koje nas povremeno podsje\u0107aju i na \u010dudni, fantasti\u010dni svijet predstavljen na slikama Ren\u00e9a Magrittea. (&#8230;)<\/p>\n<p style=\"text-align: justify;\">Sve novele Bijelog vlaka, njegovi vagoni koje vu\u010de po nebu moga grada, mogu se shvatiti kao metafore, bilo da su napisane u fantasti\u010dnom ili znanstvenofantasti\u010dnom kontekstu, ostaju\u0107i me\u0111utim pitke, \u010desto ironi\u010dne i zabavne.<\/p>\n<p style=\"text-align: justify;\">(Tomislav \u0160aki\u0107, iz pogovora knjige)<\/p>\n<p><a href=\"http:\/\/www.mvinfo.hr\/najnovije-knjige-opsirnije.php?ppar=10130\">MV Info , 10.10.14<\/a><\/p>\n","protected":false},"excerpt":{"rendered":"<p>Nakon objavljivanja svoje prve knjige Vrt pram\u010danih figura, Veronika Santo nastavila je s pisanjem, istovremeno se vra\u0107aju\u0107i i ranijim, \u010di\u0161\u0107im \u017eanrovskim oblicima znanstvene fantastike, ali i dalje \u0161ire\u0107i fantasti\u010dki, literarni stil u drugom smjeru svojega pisanja. Posljednjih godina Veronika Santo objavljuje pripovijetke i na talijanskom jeziku, sura\u0111uju\u0107i s izdava\u010dkom ku\u0107om Della Vigna iz Milana koja [&hellip;]<\/p>\n","protected":false},"author":1,"featured_media":0,"parent":0,"menu_order":0,"comment_status":"open","ping_status":"open","template":"page-full-width.php","meta":[],"_links":{"self":[{"href":"http:\/\/www.veronika-santo.com\/index.php?rest_route=\/wp\/v2\/pages\/7331"}],"collection":[{"href":"http:\/\/www.veronika-santo.com\/index.php?rest_route=\/wp\/v2\/pages"}],"about":[{"href":"http:\/\/www.veronika-santo.com\/index.php?rest_route=\/wp\/v2\/types\/page"}],"author":[{"embeddable":true,"href":"http:\/\/www.veronika-santo.com\/index.php?rest_route=\/wp\/v2\/users\/1"}],"replies":[{"embeddable":true,"href":"http:\/\/www.veronika-santo.com\/index.php?rest_route=%2Fwp%2Fv2%2Fcomments&post=7331"}],"version-history":[{"count":2,"href":"http:\/\/www.veronika-santo.com\/index.php?rest_route=\/wp\/v2\/pages\/7331\/revisions"}],"predecessor-version":[{"id":7461,"href":"http:\/\/www.veronika-santo.com\/index.php?rest_route=\/wp\/v2\/pages\/7331\/revisions\/7461"}],"wp:attachment":[{"href":"http:\/\/www.veronika-santo.com\/index.php?rest_route=%2Fwp%2Fv2%2Fmedia&parent=7331"}],"curies":[{"name":"wp","href":"https:\/\/api.w.org\/{rel}","templated":true}]}}