{"id":7372,"date":"2015-01-18T17:51:00","date_gmt":"2015-01-18T17:51:00","guid":{"rendered":"http:\/\/www.narada-holding.com\/data\/?page_id=7372"},"modified":"2015-06-11T13:52:57","modified_gmt":"2015-06-11T13:52:57","slug":"fantascienza-balcanica-in-arrivo-in-italia","status":"publish","type":"page","link":"http:\/\/www.veronika-santo.com\/?page_id=7372","title":{"rendered":"Fantascienza balcanica in arrivo in Italia."},"content":{"rendered":"<div style=\"text-align: justify;\"><img decoding=\"async\" loading=\"lazy\" class=\" alignleft\" src=\"http:\/\/1.bp.blogspot.com\/-sJoxs48fqIo\/T8n214k7uLI\/AAAAAAAACVw\/U84LbxlZ8KM\/s400\/presentazionelibro7giugno.JPG\" alt=\"\" width=\"500\" height=\"285\" border=\"0\" \/>Veronika Santo \u00e8 un&#8217;autrice di orgini croato-ungheresi che pubblica gi\u00e0 da anni nei Balcani, in riviste e antologie. La sua attivit\u00e0 inizia sul finire degli anni ottanta, prima di una lunga pausa legata alle tremende sofferenze che in quelle terre meravigliose il conflitto balcanico port\u00f2 negli anni &#8217;90.\u00a0Al pubblico italiano si presenta oggi con un&#8217;antologia personale dal titolo <i>Il giardino delle polene &#8211; racconti balcanici,<\/i> edita da Luigi Petruzzelli, mentre un suo romanzo vedr\u00e0 la luce quest&#8217;estate in quel di Belgrado. Non \u00e8 abbastanza per incuriosirci?<\/div>\n<div style=\"text-align: justify;\"><\/div>\n<div style=\"text-align: justify;\">La raccolta italiana dei racconti di genere fantascientifico e fantasy firmati da Veronika sar\u00e0 presentata gioved\u00ec 7 giugno alle 18.00, a Roma, presso la<i>Libreria Enoarcano<\/i> in Via delle Paste 106, con la partecipazione di Mauro Antonio Miglieruolo e Ugo Papi.<\/div>\n<p><\/p>\n<div style=\"text-align: justify;\"><\/div>\n<div style=\"text-align: justify;\"><\/div>\n<div class=\"separator\" style=\"text-align: justify;\"><\/div>\n<div style=\"text-align: justify;\"><\/div>\n<div style=\"text-align: justify;\">Copiamo dal sito delle <i>Edizioni della Vigna<\/i>, al quale rimandiamo per l&#8217;acquisto del libro, il numero 12 della Collana Fermenti, presto disponibile anche in e-book, <b><a href=\"http:\/\/www.edizionidellavigna.it\/collane\/FER\/012\/FER012.htm\" target=\"_blank\">qui<\/a><\/b>:<\/div>\n<div style=\"text-align: justify;\"><\/div>\n<div style=\"text-align: justify;\"><i>Da tempo alcuni dei nostri scrittori di fantascienza riscuotono un buon successo nei paesi dell\u2019Est. Ma la fantascienza e il fantastico non sono certo solo americani, o italiani. Questa volta desideriamo presentarvi un\u2019antologia di una scrittrice di origine croato-ungherese, ma da anni in Italia.<\/i><br \/>\n<i>Gli argomenti sono alle volte fantascientifici, alle volte fantastici; tuttavia la peculiare ambientazione, e lo stile caratteristico di Veronika, rendono a questi temi una nuova freschezza.<\/i><br \/>\n<i>Troverete cos\u00ec viaggi nell\u2019impero ottomano del tredicesimo secolo e nella puszta ungherese di met\u00e0 Ottocento, ma anche strane mutazioni in un mondo futuro, forme di vita aliene che si aggirano nella Grande Foresta di Lika&#8230; e molto altro ancora.<\/i><\/div>\n<div style=\"text-align: justify;\"><\/div>\n<p><\/p>\n<div style=\"text-align: justify;\">Source :\u00a0<a href=\"http:\/\/letturefantascienzaedintorni.blogspot.it\/2012\/06\/fantascienza-balcanica-in-arrivo-in.html\">http:\/\/letturefantascienzaedintorni.blogspot.it<\/a><\/div>\n","protected":false},"excerpt":{"rendered":"<p>Veronika Santo \u00e8 un&#8217;autrice di orgini croato-ungheresi che pubblica gi\u00e0 da anni nei Balcani, in riviste e antologie. La sua attivit\u00e0 inizia sul finire degli anni ottanta, prima di una lunga pausa legata alle tremende sofferenze che in quelle terre meravigliose il conflitto balcanico port\u00f2 negli anni &#8217;90.\u00a0Al pubblico italiano si presenta oggi con un&#8217;antologia [&hellip;]<\/p>\n","protected":false},"author":1,"featured_media":0,"parent":0,"menu_order":0,"comment_status":"open","ping_status":"open","template":"page-full-width.php","meta":[],"_links":{"self":[{"href":"http:\/\/www.veronika-santo.com\/index.php?rest_route=\/wp\/v2\/pages\/7372"}],"collection":[{"href":"http:\/\/www.veronika-santo.com\/index.php?rest_route=\/wp\/v2\/pages"}],"about":[{"href":"http:\/\/www.veronika-santo.com\/index.php?rest_route=\/wp\/v2\/types\/page"}],"author":[{"embeddable":true,"href":"http:\/\/www.veronika-santo.com\/index.php?rest_route=\/wp\/v2\/users\/1"}],"replies":[{"embeddable":true,"href":"http:\/\/www.veronika-santo.com\/index.php?rest_route=%2Fwp%2Fv2%2Fcomments&post=7372"}],"version-history":[{"count":8,"href":"http:\/\/www.veronika-santo.com\/index.php?rest_route=\/wp\/v2\/pages\/7372\/revisions"}],"predecessor-version":[{"id":7474,"href":"http:\/\/www.veronika-santo.com\/index.php?rest_route=\/wp\/v2\/pages\/7372\/revisions\/7474"}],"wp:attachment":[{"href":"http:\/\/www.veronika-santo.com\/index.php?rest_route=%2Fwp%2Fv2%2Fmedia&parent=7372"}],"curies":[{"name":"wp","href":"https:\/\/api.w.org\/{rel}","templated":true}]}}