{"id":54,"date":"2013-09-29T19:11:49","date_gmt":"2013-09-29T19:11:49","guid":{"rendered":"http:\/\/valenti.cubellthemes.com\/?page_id=44"},"modified":"2024-03-07T16:36:48","modified_gmt":"2024-03-07T16:36:48","slug":"full-width-page-template","status":"publish","type":"page","link":"https:\/\/www.veronika-santo.com\/?page_id=54","title":{"rendered":"Bibliografija"},"content":{"rendered":"<p><strong>Romani<\/strong><\/p>\n<p>\u2022 &#8220;Granice na vjetru&#8221;, Znak Sagite\/ \u010cudna knji\u017eara\/2015<br \/>\n\u2022 &#8220;Granice na vjetru&#8221;, Matica hrvatska -Bizovac \/2016<br \/>\n\u2022 \u201cJedne no\u0107i, u \u0161umi, koraci na stazi\u201d Matica hrvatska -Bizovac\/ 2019<br \/>\n\u2022 \u201cVenecijanski sati\u201d, Matica hrvatska-Bizovac\/2024<\/p>\n<p><strong>Samostalne zbirke:<\/strong><\/p>\n<p>\u2022 Vrt pram\u010danih figura\/zbirka pri\u010da\/ Sfera Zagabria, 2008<br \/>\n\u2022 Il giardino delle polene\/zbirka pri\u010da\/ Edizioni della Vigna, Milano, 2012<br \/>\n\u2022 The Venetian clock\/zbirka pri\u010da\/ Edizioni della Vigna, Milano, 2014<br \/>\n\u2022 Bijeli vlak na nebu moga grada\/ Matica Hrvatska, Bizevac, 2014<\/p>\n<p><strong>Pri\u010de objavljene u zbirkama i antologijama<\/strong><\/p>\n<p>\u2022 Evici, s ljubavlju,\/ Tamni vilajet 1\/ Boban Kne\u017eevi\u0107, Beograd, 1989<br \/>\n\u2022 Tragovi \/Tamni vilajet 2\/ Flamarion, Beograd, 1992<br \/>\n\u2022 I kraljeve ko\u010dije su prolazile\/ Tamni vilajet 3\/ Flamarion, Beograd, 1994<br \/>\n\u2022 Tragovi \/ Antologija hrvatske nau\u010dne fantastike &#8211; Ad Astra\/, Mentor Zagreb, 2006<br \/>\n\u2022 Badnjak 1994\/ Fantasmi di Natale e per tutto l\u2019inverno\/Edizioni della Vigna, Milano, 2008<br \/>\n\u2022 Mleta\u010dki sat\/ &#8211; L&#8217;orizzonte di Riemann \/ Edizioni della Vigna, Milano, 2010<br \/>\n\u2022 Bijeli vlak \/ Astrolab gladi\/ Istrakon, Pazin, 2012<\/p>\n<p><strong>\u010casopisi<\/strong><\/p>\n<p>\u2022 Samoubojstvo \/ Sirius 69 \/ Vjesnik \/ Zagreb \/ o\u017eujak 1982.<\/p>\n<p>\u2022 Osvaja\u010di \/ Sirius 72 \/ Vjesnik \/ Zagreb \/ lipanj1982.<\/p>\n<p>\u2022 Kutija za goste\/ Sirius 78 \/ Vjesnik \/ Zagreb \/ prosinac 1982.<\/p>\n<p>\u2022 Mre\u017ea \/ Sirius 81 \/ Vjesnik \/ Zagreb \/ o\u017eujak 1983.<\/p>\n<p>\u2022 Posljednje putovanje be\u0107ara Janike<br \/>\n(napisano sa Santo Mihaljem) \/ Sirius 93 \/ Vjesnik \/ Zagreb marzo 1984.<\/p>\n<p>\u2022 Ljubavni sbuca jednog naiv\u010dine Sirius 105 \/ Vjesnik \/ Zagreb \/ o\u017eujak1985.<\/p>\n<p>\u2022 U no\u0107 \/ Sirius 105 \/ Vjesnik \/ Zagreb \/ marzo 1985.<\/p>\n<p>\u2022 Da\u017edevnjaci \/ Sirius 109 \/ Vjesnik \/ Zagreb srpanj 1985.<\/p>\n<p>\u2022 U naslonja\u010du \/ Alef 15 \/ Dnevnik \/ Novi Sad \/ luglio 1989.<\/p>\n<p>\u2022 Ekstaza: Otomansko carstvo, XIII secolo Misija 19 \/ Branko Belan \/ Split \/ srpanj 1990.<\/p>\n<p>\u2022 \u010cemu slu\u017ee grani\u010dari? (prva verzija pri\u010de) \/ Alef 26 \/ Dnevnik \/ Novi Sad \/ 1991.<\/p>\n<p>\u2022 Etalon \/ Misija 22 \/ \u201cBranko Belan\u201d \/ Split \/studeni 1992.<\/p>\n<p>\u2022 Etalon \/ Emitor 137 \/ \u201cLazar Komari\u010d\u201d\/ Beograd \/ sije\u010danj1993.<\/p>\n<p>\u2022 Vrt pram\u010danih figura \/ Znak sagite 3 \/ Znak sagite \/ Beograd \/ 1993.<\/p>\n<p>\u2022 Duboke vode \/ Znak sagite 12 \/ Znak sagite \/ Beograd \/ studeni 2003.<\/p>\n<p>\u2022 Otok u obliku leptira\/ Parsek 89 \/ Sfera \/ Zagreb \/ studeni 2006.<\/p>\n<p>\u2022 Duboke vode \/ Parsek 89 \/ SFera \/ Zagreb \/ o\u017eujak 2007.<\/p>\n<p>\u2022 Naseljavanje pakla\/ Parsek \/ 93 \/ Sfera \/ Zagreb \/ srpanj 2007.<\/p>\n<p>\u2022 Ekstaza:otomansko carstvo XIII stolje\u0107e\/ UBIQ 1 \/ Mentor \/ Zagreb \/ studeni2007<\/p>\n<p>\u2022 Srce zvijeri\/ Parsek \/ Sfera \/ Zagreb \/ studeni 2007.<\/p>\n<p>\u2022 Mi i oni iza mojih le\u0111a\/ UBIQ 2 \/ Mentor \/ Zagreb \/ travanj 2008.<\/p>\n<p>\u2022 Mre\u017ea\/ Parsek 100 \/ Sfera \/ Mentor\/ Zagreb \/ travanj 2008.<\/p>\n<p>\u2022 Badnjak\/ Ubiq 4\/Mentor\/ travanj 2009<\/p>\n<p>\u2022 Mleta\u010dki sat \/ Ubiq 5\/Mentor\/ studeni 2009<\/p>\n<p>\u2022 Mleta\u010dki sat \/ Znak Sagite 19\/\u010cudna knj\u017eara\/ 2009<\/p>\n<p>\u2022 Veliko more\/ Ubiq 6\/Mentor\/ svibanj 2011<\/p>\n<p>\u2022 Kraj ljeta \/Ubiq 10\/Mentor\/ travanj 2012<\/p>\n<p>\u2022 Tri Laure\/Ubiq 12\/Mentor\/ svibanj 2013<\/p>\n<p>\u2022 Niz struju\/Ubiq 14\/Sfera\/ lipanj 2014<\/p>\n<p>\u2022 Crveno u mraku\/Ubiq\/studeni 2015<\/p>\n<p>\u2022 Uvijek nedjeljom, Znak Sagite br. 21 \/ \u010cudna knji\u017eara \/2015<\/p>\n<p>\u2022 Uvijek nedjeljom\/Ubiq 23\/ Sfera\/ studeni 2018<\/p>\n<p>\u2022 Djevojke sa susjednog krova\/Ubiq 24\/ Sfera\/ svibanj 2019<\/p>\n<p>\u2022\u201cMargerita i sokolica\u201d\/Ubiq 33\/ Sfera\/ prosinac 2023<\/p>\n","protected":false},"excerpt":{"rendered":"<p>Romani \u2022 &#8220;Granice na vjetru&#8221;, Znak Sagite\/ \u010cudna knji\u017eara\/2015 \u2022 &#8220;Granice na vjetru&#8221;, Matica hrvatska -Bizovac \/2016 \u2022 \u201cJedne no\u0107i, u \u0161umi, koraci na stazi\u201d Matica hrvatska -Bizovac\/ 2019 \u2022 \u201cVenecijanski sati\u201d, Matica hrvatska-Bizovac\/2024 Samostalne zbirke: \u2022 Vrt pram\u010danih figura\/zbirka pri\u010da\/ Sfera Zagabria, 2008 \u2022 Il giardino delle polene\/zbirka pri\u010da\/ Edizioni della Vigna, Milano, 2012 [&hellip;]<\/p>\n","protected":false},"author":1,"featured_media":0,"parent":0,"menu_order":0,"comment_status":"open","ping_status":"closed","template":"page-full-width.php","meta":[],"_links":{"self":[{"href":"https:\/\/www.veronika-santo.com\/index.php?rest_route=\/wp\/v2\/pages\/54"}],"collection":[{"href":"https:\/\/www.veronika-santo.com\/index.php?rest_route=\/wp\/v2\/pages"}],"about":[{"href":"https:\/\/www.veronika-santo.com\/index.php?rest_route=\/wp\/v2\/types\/page"}],"author":[{"embeddable":true,"href":"https:\/\/www.veronika-santo.com\/index.php?rest_route=\/wp\/v2\/users\/1"}],"replies":[{"embeddable":true,"href":"https:\/\/www.veronika-santo.com\/index.php?rest_route=%2Fwp%2Fv2%2Fcomments&post=54"}],"version-history":[{"count":13,"href":"https:\/\/www.veronika-santo.com\/index.php?rest_route=\/wp\/v2\/pages\/54\/revisions"}],"predecessor-version":[{"id":7585,"href":"https:\/\/www.veronika-santo.com\/index.php?rest_route=\/wp\/v2\/pages\/54\/revisions\/7585"}],"wp:attachment":[{"href":"https:\/\/www.veronika-santo.com\/index.php?rest_route=%2Fwp%2Fv2%2Fmedia&parent=54"}],"curies":[{"name":"wp","href":"https:\/\/api.w.org\/{rel}","templated":true}]}}